{"id":21,"date":"2025-12-11T17:45:22","date_gmt":"2025-12-11T16:45:22","guid":{"rendered":"https:\/\/consulting-officemanager.com\/?page_id=21"},"modified":"2025-12-12T09:10:26","modified_gmt":"2025-12-12T08:10:26","slug":"qui-suis-je","status":"publish","type":"page","link":"https:\/\/consulting-officemanager.com\/?page_id=21","title":{"rendered":"Qui suis-je ?"},"content":{"rendered":"\n<p class=\"has-text-align-center\">Je suis C\u00e9line Parfait, 16 ans d\u2019exp\u00e9rience professionnelle dont 14 en tant que salari\u00e9e au sein de services d\u2019Administration des Ventes sur diff\u00e9rents postes d\u2019assistante commerciale et de direction puis responsable op\u00e9rations internationales.<\/p>\n\n\n\n<p class=\"has-text-align-center\">J\u2019ai d\u00e9cid\u00e9 de cr\u00e9er ma propre structure et d\u2019intervenir aupr\u00e8s de petites et moyennes entreprises pour vous accompagner dans votre quotidien.<\/p>\n\n\n\n<figure class=\"wp-block-image aligncenter size-full is-resized is-style-rounded\"><img loading=\"lazy\" decoding=\"async\" width=\"512\" height=\"512\" src=\"https:\/\/consulting-officemanager.com\/wp-content\/uploads\/2025\/12\/cropped-IMG_2900.jpg\" alt=\"\" class=\"wp-image-8\" style=\"object-fit:cover;width:200px;height:200px\" srcset=\"https:\/\/consulting-officemanager.com\/wp-content\/uploads\/2025\/12\/cropped-IMG_2900.jpg 512w, https:\/\/consulting-officemanager.com\/wp-content\/uploads\/2025\/12\/cropped-IMG_2900-300x300.jpg 300w, https:\/\/consulting-officemanager.com\/wp-content\/uploads\/2025\/12\/cropped-IMG_2900-150x150.jpg 150w, https:\/\/consulting-officemanager.com\/wp-content\/uploads\/2025\/12\/cropped-IMG_2900-270x270.jpg 270w, https:\/\/consulting-officemanager.com\/wp-content\/uploads\/2025\/12\/cropped-IMG_2900-192x192.jpg 192w, https:\/\/consulting-officemanager.com\/wp-content\/uploads\/2025\/12\/cropped-IMG_2900-180x180.jpg 180w, https:\/\/consulting-officemanager.com\/wp-content\/uploads\/2025\/12\/cropped-IMG_2900-32x32.jpg 32w\" sizes=\"auto, (max-width: 512px) 100vw, 512px\" \/><\/figure>\n\n\n\n<p class=\"has-text-align-center\"><span style=\"text-decoration: underline;\">Mes Missions<\/span> : j\u2019interviens en support r\u00e9gulier ou ponctuel, dans la gestion administrative, commerciale, comptable et contr\u00f4le de gestion.<\/p>\n\n\n\n<p class=\"has-text-align-center\" style=\"padding-right:0;padding-left:0\"><span style=\"text-decoration: underline;\">Ma vision<\/span> : cr\u00e9er une relation de confiance pour vous lib\u00e9rer de certaines t\u00e2ches chronophages afin que vous vous concentriez sur votre activit\u00e9.<\/p>\n","protected":false},"excerpt":{"rendered":"<p>Je suis C\u00e9line Parfait, 16 ans d\u2019exp\u00e9rience professionnelle dont 14 en tant que salari\u00e9e au sein de services d\u2019Administration des Ventes sur diff\u00e9rents postes d\u2019assistante commerciale et de direction puis responsable op\u00e9rations internationales. J\u2019ai d\u00e9cid\u00e9 de cr\u00e9er ma propre structure et d\u2019intervenir aupr\u00e8s de petites et moyennes entreprises pour vous accompagner dans votre quotidien. Mes [&hellip;]<\/p>\n","protected":false},"author":1,"featured_media":0,"parent":0,"menu_order":1,"comment_status":"closed","ping_status":"closed","template":"","meta":{"footnotes":""},"class_list":["post-21","page","type-page","status-publish","hentry"],"_links":{"self":[{"href":"https:\/\/consulting-officemanager.com\/index.php?rest_route=\/wp\/v2\/pages\/21","targetHints":{"allow":["GET"]}}],"collection":[{"href":"https:\/\/consulting-officemanager.com\/index.php?rest_route=\/wp\/v2\/pages"}],"about":[{"href":"https:\/\/consulting-officemanager.com\/index.php?rest_route=\/wp\/v2\/types\/page"}],"author":[{"embeddable":true,"href":"https:\/\/consulting-officemanager.com\/index.php?rest_route=\/wp\/v2\/users\/1"}],"replies":[{"embeddable":true,"href":"https:\/\/consulting-officemanager.com\/index.php?rest_route=%2Fwp%2Fv2%2Fcomments&post=21"}],"version-history":[{"count":3,"href":"https:\/\/consulting-officemanager.com\/index.php?rest_route=\/wp\/v2\/pages\/21\/revisions"}],"predecessor-version":[{"id":37,"href":"https:\/\/consulting-officemanager.com\/index.php?rest_route=\/wp\/v2\/pages\/21\/revisions\/37"}],"wp:attachment":[{"href":"https:\/\/consulting-officemanager.com\/index.php?rest_route=%2Fwp%2Fv2%2Fmedia&parent=21"}],"curies":[{"name":"wp","href":"https:\/\/api.w.org\/{rel}","templated":true}]}}