{"id":22,"date":"2025-12-11T17:45:22","date_gmt":"2025-12-11T16:45:22","guid":{"rendered":"https:\/\/consulting-officemanager.com\/?page_id=22"},"modified":"2025-12-12T09:10:00","modified_gmt":"2025-12-12T08:10:00","slug":"office-manager","status":"publish","type":"page","link":"https:\/\/consulting-officemanager.com\/?page_id=22","title":{"rendered":"Pourquoi faire appel \u00e0 un Office Manager ?"},"content":{"rendered":"\n<figure class=\"wp-block-image aligncenter size-full is-style-default\"><img loading=\"lazy\" decoding=\"async\" width=\"261\" height=\"144\" src=\"https:\/\/consulting-officemanager.com\/wp-content\/uploads\/2025\/12\/experience.png\" alt=\"\" class=\"wp-image-38\"\/><\/figure>\n\n\n\n<p class=\"has-text-align-center\">Exp\u00e9rience : un Office Manager est un couteau suisse exp\u00e9riment\u00e9. Il anticipe, est proactif, r\u00e9actif et prend en charge la coordination de tous les services supports : administration des ventes (devis, facturation, relances clients, suivi paiements\u2026), aide \u00e0 la comptabilit\u00e9 quotidienne, communication&#8230;<\/p>\n\n\n\n<figure class=\"wp-block-image aligncenter size-full\"><img loading=\"lazy\" decoding=\"async\" width=\"263\" height=\"139\" src=\"https:\/\/consulting-officemanager.com\/wp-content\/uploads\/2025\/12\/confiance.png\" alt=\"\" class=\"wp-image-39\"\/><\/figure>\n\n\n\n<p class=\"has-text-align-center\">Confiance : impliqu\u00e9e dans la r\u00e9ussite de notre relation, discr\u00e8te, polyvalente et organis\u00e9e, j\u2019ai \u00e0 c\u0153ur de vous apporter une vraie valeur ajout\u00e9e dans la gestion de votre entreprise, pour vous permettre de d\u00e9gager du temps \u00e0 consacrer \u00e0 am\u00e9liorer les performances de votre entreprise.<\/p>\n\n\n\n<figure class=\"wp-block-image aligncenter size-full\"><img loading=\"lazy\" decoding=\"async\" width=\"261\" height=\"138\" src=\"https:\/\/consulting-officemanager.com\/wp-content\/uploads\/2025\/12\/gain-de-temps.png\" alt=\"\" class=\"wp-image-40\"\/><\/figure>\n\n\n\n<p class=\"has-text-align-center\">Gain de temps : un professionnel d\u00e9j\u00e0 form\u00e9, qui connait son m\u00e9tier et sait s\u2019adapter rapidement, vous permet de vous concentrer principalement sur votre c\u0153ur de m\u00e9tier en d\u00e9l\u00e9gant certaines t\u00e2ches chronophages.<\/p>\n","protected":false},"excerpt":{"rendered":"<p>Exp\u00e9rience : un Office Manager est un couteau suisse exp\u00e9riment\u00e9. Il anticipe, est proactif, r\u00e9actif et prend en charge la coordination de tous les services supports : administration des ventes (devis, facturation, relances clients, suivi paiements\u2026), aide \u00e0 la comptabilit\u00e9 quotidienne, communication&#8230; Confiance : impliqu\u00e9e dans la r\u00e9ussite de notre relation, discr\u00e8te, polyvalente et organis\u00e9e, [&hellip;]<\/p>\n","protected":false},"author":1,"featured_media":0,"parent":0,"menu_order":2,"comment_status":"closed","ping_status":"closed","template":"","meta":{"footnotes":""},"class_list":["post-22","page","type-page","status-publish","hentry"],"_links":{"self":[{"href":"https:\/\/consulting-officemanager.com\/index.php?rest_route=\/wp\/v2\/pages\/22","targetHints":{"allow":["GET"]}}],"collection":[{"href":"https:\/\/consulting-officemanager.com\/index.php?rest_route=\/wp\/v2\/pages"}],"about":[{"href":"https:\/\/consulting-officemanager.com\/index.php?rest_route=\/wp\/v2\/types\/page"}],"author":[{"embeddable":true,"href":"https:\/\/consulting-officemanager.com\/index.php?rest_route=\/wp\/v2\/users\/1"}],"replies":[{"embeddable":true,"href":"https:\/\/consulting-officemanager.com\/index.php?rest_route=%2Fwp%2Fv2%2Fcomments&post=22"}],"version-history":[{"count":2,"href":"https:\/\/consulting-officemanager.com\/index.php?rest_route=\/wp\/v2\/pages\/22\/revisions"}],"predecessor-version":[{"id":41,"href":"https:\/\/consulting-officemanager.com\/index.php?rest_route=\/wp\/v2\/pages\/22\/revisions\/41"}],"wp:attachment":[{"href":"https:\/\/consulting-officemanager.com\/index.php?rest_route=%2Fwp%2Fv2%2Fmedia&parent=22"}],"curies":[{"name":"wp","href":"https:\/\/api.w.org\/{rel}","templated":true}]}}