{"id":45,"date":"2025-12-11T19:31:20","date_gmt":"2025-12-11T18:31:20","guid":{"rendered":"https:\/\/consulting-officemanager.com\/?page_id=45"},"modified":"2025-12-12T09:10:20","modified_gmt":"2025-12-12T08:10:20","slug":"prestations","status":"publish","type":"page","link":"https:\/\/consulting-officemanager.com\/?page_id=45","title":{"rendered":"Prestations"},"content":{"rendered":"\n<p class=\"has-text-align-center\"><strong>Gestion administrative<\/strong><\/p>\n\n\n\n<p class=\"has-text-align-center\">Administration des ventes &#8211; Traitement du courrier &#8211; \u200bRelations fournisseurs et prestataires &#8211; \u200bSuivi des dossiers &#8211; Archivage num\u00e9rique<\/p>\n\n\n\n<p class=\"has-text-align-center\"><strong>Gestion financi\u00e8re<\/strong><\/p>\n\n\n\n<p class=\"has-text-align-center\">Relances client &#8211; Gestion de la tr\u00e9sorerie &#8211; Pr\u00e9paration et suivi des\u00a0notes de frais &#8211; V\u00e9rification des pi\u00e8ces comptables &#8211; Suivi du CA &#8211; Paiement des fournisseurs et des prestataires &#8211; Reporting &#8211; Suivi des budgets<\/p>\n\n\n\n<p class=\"has-text-align-center\"><strong>Gestion quotidienne<\/strong><\/p>\n\n\n\n<p class=\"has-text-align-center\">Organisation de Team Building &#8211; Support Marketing\/Communication &#8211; Gestion logiciels &#8211; Gestion RH &#8211; Gestion back office\/site internet &#8211; R\u00e9daction de textes<\/p>\n","protected":false},"excerpt":{"rendered":"<p>Gestion administrative Administration des ventes &#8211; Traitement du courrier &#8211; \u200bRelations fournisseurs et prestataires &#8211; \u200bSuivi des dossiers &#8211; Archivage num\u00e9rique Gestion financi\u00e8re Relances client &#8211; Gestion de la tr\u00e9sorerie &#8211; Pr\u00e9paration et suivi des\u00a0notes de frais &#8211; V\u00e9rification des pi\u00e8ces comptables &#8211; Suivi du CA &#8211; Paiement des fournisseurs et des prestataires &#8211; Reporting [&hellip;]<\/p>\n","protected":false},"author":1,"featured_media":0,"parent":0,"menu_order":3,"comment_status":"closed","ping_status":"closed","template":"","meta":{"footnotes":""},"class_list":["post-45","page","type-page","status-publish","hentry"],"_links":{"self":[{"href":"https:\/\/consulting-officemanager.com\/index.php?rest_route=\/wp\/v2\/pages\/45","targetHints":{"allow":["GET"]}}],"collection":[{"href":"https:\/\/consulting-officemanager.com\/index.php?rest_route=\/wp\/v2\/pages"}],"about":[{"href":"https:\/\/consulting-officemanager.com\/index.php?rest_route=\/wp\/v2\/types\/page"}],"author":[{"embeddable":true,"href":"https:\/\/consulting-officemanager.com\/index.php?rest_route=\/wp\/v2\/users\/1"}],"replies":[{"embeddable":true,"href":"https:\/\/consulting-officemanager.com\/index.php?rest_route=%2Fwp%2Fv2%2Fcomments&post=45"}],"version-history":[{"count":1,"href":"https:\/\/consulting-officemanager.com\/index.php?rest_route=\/wp\/v2\/pages\/45\/revisions"}],"predecessor-version":[{"id":46,"href":"https:\/\/consulting-officemanager.com\/index.php?rest_route=\/wp\/v2\/pages\/45\/revisions\/46"}],"wp:attachment":[{"href":"https:\/\/consulting-officemanager.com\/index.php?rest_route=%2Fwp%2Fv2%2Fmedia&parent=45"}],"curies":[{"name":"wp","href":"https:\/\/api.w.org\/{rel}","templated":true}]}}